{"id":782,"date":"2011-01-20T01:23:25","date_gmt":"2011-01-20T01:23:25","guid":{"rendered":"http:\/\/kivalodolgozo.hu\/thiliell\/"},"modified":"2023-04-17T19:07:21","modified_gmt":"2023-04-17T19:07:21","slug":"bemutatkozom","status":"publish","type":"page","link":"https:\/\/csabiorsolya.hu\/?page_id=782","title":{"rendered":"Bemutatkozom"},"content":{"rendered":"<p><strong>Cs\u00e1bi Orsolya<\/strong> vagyok, okleveles\u00a0<em>pszichol\u00f3gus<\/em>, szakk\u00e9pzetten<em> integrat\u00edv hipnoterapeuta, amely c\u00edmet a pszichoterapeuta szakvizsga ut\u00e1n \u00edrhatok ki<\/em>, <em>Metamorphoses-meseterapeuta&#8221;, pszichodr\u00e1ma asszisztens, Inetgrat\u00edv Meseter\u00e1pi\u00e1s csoportvezet\u0151 \u00e9s k\u00e9szs\u00e9gfejleszt\u0151 tr\u00e9ner<\/em>.<!--more--><\/p>\n<p><strong>Jelenleg<\/strong> pszichol\u00f3giai tan\u00e1csad\u00e1ssal, hipn\u00f3zissal k\u00eds\u00e9rt pszichol\u00f3giai megseg\u00edt\u00e9ssel, Integrat\u00edv \u00e9s Alkot\u00f3-fejleszt\u0151 Meseter\u00e1pi\u00e1val \u00e9s szem\u00e9lyis\u00e9gfejleszt\u00e9ssel, ill. Integrat\u00edv Meseter\u00e1pi\u00e1s csoportok vezet\u00e9s\u00e9vel foglalkozom.<\/p>\n<p><strong>2003<\/strong> \u00f3ta dolgozom <strong>pszichol\u00f3gusk\u00e9nt<\/strong>. Az els\u0151 munkahelyemen <strong>3 \u00e9vet<\/strong> t\u00f6lt\u00f6ttem <strong>diagnosztikai munk\u00e1val<\/strong> f\u00e9l\u00e1ll\u00e1sban, mialatt nappalin tanultam az egyetemen. Ez alatt az id\u0151 alatt t\u00f6bb mint 300 gyermek \u00e9s fiatal \u00e9rtelmi- \u00e9s fejletts\u00e9gi diagnosztik\u00e1j\u00e1t v\u00e9geztem el, ill. \u00edrtam ezek eredm\u00e9ny\u00e9b\u0151l szakv\u00e9lem\u00e9nyt.<\/p>\n<p>Id\u0151k\u00f6zben egy r\u00f6vid id\u0151re belek\u00f3stoltam az <strong>iskolapszichol\u00f3gusok<\/strong> neh\u00e9z, \u00e9s rendk\u00edv\u00fcl kreat\u00edv munk\u00e1j\u00e1ba is, ami az\u00e9rt volt hatalmas \u00e9lm\u00e9ny a sz\u00e1momra, mert egy\u00fctt dolgozhattam a volt gimn\u00e1ziumi tan\u00e1raimmal.<\/p>\n<p><strong>2006-ban egy \u00e9vnyi szervezetfejleszt\u00e9si, vezet\u0151i tan\u00e1csad\u00e1si, \u00e9s \u00fczleti tapasztalatszerz\u00e9s ut\u00e1n a gyermekv\u00e9delemben<\/strong> kaptam \u00e1ll\u00e1st. A <strong>szak\u00e9rt\u0151i bizotts\u00e1gban v\u00e9gzett munk\u00e1m<\/strong> sor\u00e1n k\u00f6zel 100 ell\u00e1t\u00e1sba vett gyermekkel foglalkoztam. A szem\u00e9lyis\u00e9gdiagnosztik\u00e1n t\u00fal az elhelyez\u00e9si, nevel\u00e9si, kapcsolattart\u00e1si, nevel\u0151 sz\u00fcl\u0151i \u00e9s \u00f6r\u00f6kbefogad\u00e1si vizsg\u00e1latokban kellett szakmai v\u00e9lem\u00e9nyt form\u00e1lnom, szakv\u00e9lem\u00e9nyeket \u00edrnom.<\/p>\n<p><strong>2006-ban <\/strong>a szak\u00e9rt\u0151i bizotts\u00e1gi munk\u00e1mmal p\u00e1rhuzamosan<strong> kezdtem el a mag\u00e1nz\u00e1st<\/strong>, amikor a Szolnoki Gyermekotthonok igazgat\u00f3n\u0151je felk\u00e9rt a lak\u00e1sotthoni <strong>gyermekek ter\u00e1pi\u00e1s megseg\u00edt\u00e9s\u00e9re<\/strong>, \u00e9s a vel\u00fck kapcsolatos <strong>nevel\u0151i munk\u00e1ban val\u00f3 tan\u00e1csad\u00f3i jelenl\u00e9tre<\/strong>. Ennek k\u00f6sz\u00f6nhet\u0151en a <strong>gyerekter\u00e1pi\u00e1n<\/strong> t\u00fal t\u00f6bb alkalommal is tartottam <strong>nevel\u0151k sz\u00e1m\u00e1ra szuperv\u00edzi\u00f3s \u00e9s tan\u00e1csad\u00e1si csoportokat<\/strong>. 4 \u00e9vet t\u00f6lt\u00f6ttem el a gyermekv\u00e9delemben.<\/p>\n<p><strong>2006-ban<\/strong> belefogtam az <strong>integrat\u00edv hipnoterapeuta<\/strong> k\u00e9pz\u00e9sbe is, \u00e9s <strong>elind\u00edtottam a v\u00e1llalkoz\u00e1somat (Ment\u00e1l-eg\u00e9szs\u00e9g\u00fcgyi ell\u00e1t\u00e1s (nem eg\u00e9szs\u00e9g\u00fcgyi szolg\u00e1ltat\u00e1sk\u00e9nt)<\/strong>, hogy a gy\u00f3gy\u00edt\u00e1shoz k\u00f6t\u0151d\u0151 \u00e1lmaimnak \u00e9s az egyetemi szakir\u00e1nyomnak megfelel\u0151en a <strong>feln\u0151ttek szenved\u00e9st\u0151l val\u00f3 megszabadul\u00e1s\u00e1ban magasabb szint\u0171 seg\u00edts\u00e9get tudjak ny\u00fajtani<\/strong>.<\/p>\n<p>Az\u00f3ta a <strong>feln\u0151ttekkel val\u00f3 munk\u00e1m egyre t\u00f6bb ter\u00fclettel b\u0151v\u00fcl<\/strong>.<\/p>\n<p><strong>Az egy\u00e9ni tan\u00e1csad\u00e1s \u00e9s hipn\u00f3zissal k\u00eds\u00e9rt munka<\/strong>\u00a0<strong>mellett 2009 \u00f3ta csoportokkal is dolgozom<\/strong>. A csoportjaim <strong>k\u00e9t f\u0151 ter\u00fcletre \u00f6sszpontos\u00edtanak<\/strong>:<\/p>\n<p>&#8211; a meseter\u00e1pi\u00e1s kutat\u00e1saimra \u00e9p\u00fcl\u0151, \u00f6nismeretet \u00e9s \u00f6nmeghalad\u00e1st c\u00e9lz\u00f3 csoportjaimhoz 5 \u00e9v kutat\u00e1si munk\u00e1val 2010-re kidolgoztam a m\u00f3dszertani \u00e9s elm\u00e9leti alapokat, majd megnyertem t\u00f6bb neves szakember szakmai t\u00e1mogat\u00e1s\u00e1t \u00e9s elismer\u00e9s\u00e9t, ebb\u0151l sz\u00fcletett meg az <a title=\"Integrat\u00edv Feln\u0151tt Meseter\u00e1pia\" href=\"http:\/\/csabiorsolya.eu\/index.php\/jomunkaslany\/szakmai-eszkozok\/integrativ-felnott-meseterapia\/\" target=\"_blank\" rel=\"noopener\"><span style=\"color: #0000ff;\"><strong><em>Integrat\u00edv<\/em><\/strong><em> <strong>Feln\u0151tt<\/strong> <strong>Meseter\u00e1pia<\/strong><\/em>\u00ae<\/span><\/a>, ill.<\/p>\n<p>&#8211; az egyetemi \u00e9veim alatt \u00f6sszegy\u0171jt\u00f6tt <em>5 \u00e9ves mag\u00e1ntan\u00e1ri tapasztalataimhoz<\/em>, \u00e9s az <em>egyetemi<\/em> kieg\u00e9sz\u00edt\u0151 <em>pedag\u00f3giai l\u00e9lektani szakk\u00e9pz\u00e9semhez<\/em> megszereztem egy <em>tr\u00e9neri szakmai c\u00edmet<\/em> is, \u00edgy a <strong>tehets\u00e9ggondoz\u00e1s, a kreativit\u00e1s, a kommunik\u00e1ci\u00f3- \u00e9s \u00e1ltal\u00e1nos k\u00e9pess\u00e9gfejleszt\u00e9s ter\u00e9n<\/strong> olyan <strong>kurzusokat<\/strong> ind\u00edtottam, amelyekben a hagyom\u00e1nyos tr\u00e9ning technik\u00e1kat <strong>\u00f6tv\u00f6ztem a kapcsolati probl\u00e9m\u00e1kra \u00e9p\u00fcl\u0151 ter\u00e1pi\u00e1s tapasztalataimmal<\/strong>.<\/p>\n<p>B\u0151vebb szakmai \u00f6n\u00e9letrajzomat <span style=\"text-decoration: underline; color: #0000ff;\"><strong><a title=\"Szakmai \u00f6n\u00e9letrajzom\" href=\"http:\/\/csabiorsolya.eu\/index.php\/2011\/04\/21\/szakmai-tapasztalat\/\" target=\"_blank\" rel=\"noopener\">itt<\/a><\/strong><\/span> tal\u00e1lhatja<\/p>\n<p><strong>MIBEN<\/strong> <strong>TUDOK<\/strong> <strong>SEG\u00cdTENI?<\/strong><\/p>\n<p><strong>MIVEL FOGLALKOZOM?<\/strong><\/p>\n<p>B\u0151vebben a linkek alatt t\u00e1j\u00e9koz\u00f3dhat.<\/p>\n<p><strong>1.<\/strong> <a title=\"Mag\u00e1nrendel\u00e9sem\" href=\"http:\/\/csabiorsolya.eu\/index.php\/maganrendeles\/\" target=\"_blank\" rel=\"noopener\"><span style=\"color: #0000ff;\">Egy\u00e9ni megseg\u00edt\u00e9sek<\/span><\/a><\/p>\n<p><strong>2.<\/strong> \u00d6nismereti csoportok<\/p>\n<p><strong>3.<\/strong> Fejleszt\u0151 tr\u00e9ningek<\/p>\n<p><strong>4.<\/strong> Coaching<\/p>\n<p><span style=\"text-decoration: underline;\"><strong><a title=\"Szakmai ismereteim \u00e9s eszk\u00f6zeim\" href=\"http:\/\/csabiorsolya.eu\/index.php\/2010\/12\/19\/milyen-eszkozok-1\/\" target=\"_blank\" rel=\"noopener\">MIHEZ \u00c9RTEK?<\/a><\/strong><\/span><\/p>\n<p>A fenti link alatt minden inform\u00e1ci\u00f3t megtal\u00e1lhat, amely a szakmai tanulm\u00e1nyaimr\u00f3l \u00e9s ismereteimr\u0151l ad t\u00e1j\u00e9koztat\u00e1st.<\/p>\n","protected":false},"excerpt":{"rendered":"<p>Cs\u00e1bi Orsolya vagyok, okleveles\u00a0pszichol\u00f3gus, szakk\u00e9pzetten integrat\u00edv hipnoterapeuta, amely c\u00edmet a pszichoterapeuta szakvizsga ut\u00e1n \u00edrhatok ki, Metamorphoses-meseterapeuta&#8221;, pszichodr\u00e1ma asszisztens, Inetgrat\u00edv Meseter\u00e1pi\u00e1s csoportvezet\u0151 \u00e9s k\u00e9szs\u00e9gfejleszt\u0151 tr\u00e9ner.<\/p>\n","protected":false},"author":2,"featured_media":1444,"parent":0,"menu_order":0,"comment_status":"open","ping_status":"closed","template":"","meta":{"jetpack_post_was_ever_published":false,"footnotes":""},"class_list":["post-782","page","type-page","status-publish","has-post-thumbnail","hentry"],"jetpack_sharing_enabled":true,"jetpack_shortlink":"https:\/\/wp.me\/P2NFfz-cC","_links":{"self":[{"href":"https:\/\/csabiorsolya.hu\/index.php?rest_route=\/wp\/v2\/pages\/782"}],"collection":[{"href":"https:\/\/csabiorsolya.hu\/index.php?rest_route=\/wp\/v2\/pages"}],"about":[{"href":"https:\/\/csabiorsolya.hu\/index.php?rest_route=\/wp\/v2\/types\/page"}],"author":[{"embeddable":true,"href":"https:\/\/csabiorsolya.hu\/index.php?rest_route=\/wp\/v2\/users\/2"}],"replies":[{"embeddable":true,"href":"https:\/\/csabiorsolya.hu\/index.php?rest_route=%2Fwp%2Fv2%2Fcomments&post=782"}],"version-history":[{"count":11,"href":"https:\/\/csabiorsolya.hu\/index.php?rest_route=\/wp\/v2\/pages\/782\/revisions"}],"predecessor-version":[{"id":2033,"href":"https:\/\/csabiorsolya.hu\/index.php?rest_route=\/wp\/v2\/pages\/782\/revisions\/2033"}],"wp:featuredmedia":[{"embeddable":true,"href":"https:\/\/csabiorsolya.hu\/index.php?rest_route=\/wp\/v2\/media\/1444"}],"wp:attachment":[{"href":"https:\/\/csabiorsolya.hu\/index.php?rest_route=%2Fwp%2Fv2%2Fmedia&parent=782"}],"curies":[{"name":"wp","href":"https:\/\/api.w.org\/{rel}","templated":true}]}}